{"id":2996,"date":"2018-11-14T13:56:04","date_gmt":"2018-11-14T12:56:04","guid":{"rendered":"http:\/\/morganadelre.it\/?post_type=product&#038;p=2996"},"modified":"2026-01-09T11:35:55","modified_gmt":"2026-01-09T10:35:55","slug":"colata-pian-sue","status":"publish","type":"product","link":"https:\/\/morganadelre.it\/en\/product\/colata-pian-sue\/","title":{"rendered":"Colata Pian Su\u00e8"},"content":{"rendered":"<p><\/p>\n<p class=\"p1\"><span class=\"s1\">&#8220;Colone Pian Su\u00e9&#8221; is our precious hazelnut paste, obtained by processing the Tonda Gentile Trilobata. After sorting and roasting the hazelnuts, two of the essential steps in which our paste obtains its unique aromas and nutritional properties, we move to grinding in order to turn the product into flour, which is finally processed until it becomes a creamy \u201cColata\u201d, recognizable from the unmistakable golden color and intense and enveloping toasted aromas. A delicious and indispensable product with an unique flavor.<\/span><\/p>\n<p><strong>Ingredients:<\/strong><\/p>\n<p>Nocciola Piemonte I.G.P. DELLE LANGHE biologica<\/p>\n<p>_______________________________________________________<\/p>\n<p><span class=\"s2\">\u2013 100% vegetable product.<\/span><\/p>\n<p><span class=\"s2\">\u2013 Without added preservatives and stabilizers.<\/span><\/p>\n<p><span class=\"s2\">\u2013 Our company does not process gluten.<\/span><\/p>\n<p><span class=\"s2\">\u2013 No G.M.O<\/span><\/p>\n<p class=\"p1\"><strong><span class=\"s1\">Packaging:<\/span><\/strong><\/p>\n<p class=\"p1\"><span class=\"s1\">Glass jar, ideal for preserving the aromas and lowering the impact on the environment.<\/span><\/p>\n<p class=\"p1\"><strong><span class=\"s1\">Weight:<\/span><\/strong><\/p>\n<p>200 g<\/p>\n<p class=\"p1\"><strong><span class=\"s1\">Use recommendations:<\/span><\/strong><\/p>\n<p class=\"p1\"><span class=\"s1\">Our &#8220;Pian Su\u00e9\u201d is wonderful for its simplicity: spread it on bread or on crackers for a delicious appetizer. It is also excellent in making delicious fillings, such as chantilly cream or hazelnut custard. If you are looking for the right energy to start the day, and you do not want to give up on a tasty snack, add our &#8220;Colata&#8221; to the yogurt or match it to a fresh fruit salad. As for the preparation of savory dishes, the &#8220;Colata Pian Su\u00e8&#8221; is an excellent accompanying cream for your risottos, if added at the end of cooking.<\/span><\/p>\n<p><strong>Marchi:<\/strong><\/p>\n<p class=\"p1\"><strong>Certifricazioni e Marchi:<\/strong><\/p>\n<p class=\"p1\"><strong><img loading=\"lazy\" decoding=\"async\" class=\"size-medium wp-image-3327 alignleft\" src=\"http:\/\/morganadelre.it\/wp-content\/uploads\/2018\/12\/certificazione_bioD366-300x101.jpg\" alt=\"\" width=\"300\" height=\"101\" srcset=\"https:\/\/morganadelre.it\/wp-content\/uploads\/2018\/12\/certificazione_bioD366-300x101.jpg 300w, https:\/\/morganadelre.it\/wp-content\/uploads\/2018\/12\/certificazione_bioD366-768x259.jpg 768w, https:\/\/morganadelre.it\/wp-content\/uploads\/2018\/12\/certificazione_bioD366-570x193.jpg 570w, https:\/\/morganadelre.it\/wp-content\/uploads\/2018\/12\/certificazione_bioD366.jpg 900w\" sizes=\"auto, (max-width: 300px) 100vw, 300px\" \/><\/strong><\/p>\n<p>&nbsp;<\/p>\n<p>&nbsp;<\/p>\n<p>&nbsp;<\/p>\n<p class=\"p1\">Curiosit\u00e0: Quando apri la nostra Colata Pian Su\u00e8, sicuramente troverai l\u2019olio separato dal resto del prodotto, fenomeno del tutto naturale in quanto l\u2019unico ingrediente \u00e8 la nocciola, la quale \u00e8 ricchissima di olio (62 %).<\/p>\n<p class=\"p1\">Questo processo fisico non \u00e8 un\u2019anomalia, ma \u00e8 indice di assoluta qualit\u00e0, poich\u00e9 non utilizziamo addensanti, conservanti o stabilizzanti aggiunti. \u00c8 sufficiente miscelare il prodotto prima dell\u2019utilizzo per ottenere la consistenza originale e degustare tutto il sapore e l\u2019aroma della nostra Colata Pian Su\u00e8.<\/p>\n<p class=\"p1\"><strong>Selezionati da:<\/strong><\/p>\n<p><img loading=\"lazy\" decoding=\"async\" class=\"alignnone size-medium wp-image-3334\" src=\"http:\/\/morganadelre.it\/wp-content\/uploads\/2018\/12\/maurizio-300x212.jpg\" alt=\"\" width=\"300\" height=\"212\" srcset=\"https:\/\/morganadelre.it\/wp-content\/uploads\/2018\/12\/maurizio-300x212.jpg 300w, https:\/\/morganadelre.it\/wp-content\/uploads\/2018\/12\/maurizio-768x543.jpg 768w, https:\/\/morganadelre.it\/wp-content\/uploads\/2018\/12\/maurizio-1024x724.jpg 1024w, https:\/\/morganadelre.it\/wp-content\/uploads\/2018\/12\/maurizio-220x154.jpg 220w, https:\/\/morganadelre.it\/wp-content\/uploads\/2018\/12\/maurizio-570x403.jpg 570w\" sizes=\"auto, (max-width: 300px) 100vw, 300px\" \/><\/p>","protected":false},"excerpt":{"rendered":"<p class=\"p1\"><span class=\"s1\">&#8220;Colone Pian Su\u00e9&#8221; is our precious hazelnut paste, obtained by processing the Tonda Gentile Trilobata. After sorting and roasting the hazelnuts, two of the essential steps in which our paste obtains its unique aromas and nutritional properties, we move to grinding in order to turn the product into flour, which is finally processed until it becomes a creamy \u201cColata\u201d, recognizable from the unmistakable golden color and intense and enveloping toasted aromas. A delicious and indispensable product with an unique flavor.<\/span><\/p>\n","protected":false},"featured_media":2997,"comment_status":"closed","ping_status":"closed","template":"","meta":{"_price":"15.50","_stock":"","_tribe_ticket_header":"","_tribe_default_ticket_provider":"","_tribe_ticket_capacity":"","_ticket_start_date":"","_ticket_end_date":"","_tribe_ticket_show_description":"","_tribe_ticket_show_not_going":false,"_tribe_ticket_use_global_stock":"","_tribe_ticket_global_stock_level":"","_global_stock_mode":"","_global_stock_cap":"","_tribe_rsvp_for_event":"","_tribe_ticket_going_count":"","_tribe_ticket_not_going_count":"","_tribe_tickets_list":"[]","_tribe_ticket_has_attendee_info_fields":false},"product_brand":[],"product_cat":[86,82],"product_tag":[],"class_list":{"0":"post-2996","1":"product","2":"type-product","3":"status-publish","4":"has-post-thumbnail","6":"product_cat-pasta-di-nocciole","7":"product_cat-tutti-i-prodotti","9":"first","10":"instock","11":"taxable","12":"shipping-taxable","13":"purchasable","14":"product-type-simple"},"yoast_head":"<!-- This site is optimized with the Yoast SEO plugin v27.4 - https:\/\/yoast.com\/product\/yoast-seo-wordpress\/ -->\n<title>Colata Pian Su\u00e8 - Morgana del Re<\/title>\n<meta name=\"robots\" content=\"index, follow, max-snippet:-1, max-image-preview:large, max-video-preview:-1\" \/>\n<link rel=\"canonical\" href=\"https:\/\/morganadelre.it\/product\/colata-pian-sue\/\" \/>\n<meta property=\"og:locale\" content=\"en_US\" \/>\n<meta property=\"og:type\" content=\"article\" \/>\n<meta property=\"og:title\" content=\"Colata Pian Su\u00e8 - Morgana del Re\" \/>\n<meta property=\"og:description\" content=\"[:it]La \u201cColata Pian Su\u00e9\u201d \u00e8 la nostra pregiata pasta di nocciole, ottenuta dalla lavorazione della nocciola Tonda Gentile Trilobata. Dopo la cernita maniacale e la tostatura, passaggio fondamentale nel quale il nostro prodotto si caratterizza per aromi e propriet\u00e0 nutrizionali uniche, si passa alla macinazione, trasformando il prodotto in farina, che, viene infine lavorata fino a divenire una \u201cColata\u201d cremosa, dal tipico colore dorato e dagli aromi tostati intensi ed avvolgenti. Un prodotto goloso e irrinunciabile, dal sapore unico ed inconfondibile.[:en]&quot;Colone Pian Su\u00e9&quot; is our precious hazelnut paste, obtained by processing the Tonda Gentile Trilobata. After sorting and roasting the hazelnuts, two of the essential steps in which our paste obtains its unique aromas and nutritional properties, we move to grinding in order to turn the product into flour, which is finally processed until it becomes a creamy \u201cColata\u201d, recognizable from the unmistakable golden color and intense and enveloping toasted aromas. A delicious and indispensable product with an unique flavor.[:]\" \/>\n<meta property=\"og:url\" content=\"https:\/\/morganadelre.it\/product\/colata-pian-sue\/\" \/>\n<meta property=\"og:site_name\" content=\"Morgana del Re\" \/>\n<meta property=\"article:publisher\" content=\"https:\/\/www.facebook.com\/Morgana-del-Re-1901403776621094\" \/>\n<meta property=\"article:modified_time\" content=\"2026-01-09T10:35:55+00:00\" \/>\n<meta property=\"og:image\" content=\"https:\/\/morganadelre.it\/wp-content\/uploads\/2018\/11\/70.jpg\" \/>\n\t<meta property=\"og:image:width\" content=\"800\" \/>\n\t<meta property=\"og:image:height\" content=\"800\" \/>\n\t<meta property=\"og:image:type\" content=\"image\/jpeg\" \/>\n<meta name=\"twitter:card\" content=\"summary_large_image\" \/>\n<meta name=\"twitter:label1\" content=\"Est. reading time\" \/>\n\t<meta name=\"twitter:data1\" content=\"4 minutes\" \/>\n<script type=\"application\/ld+json\" class=\"yoast-schema-graph\">{\"@context\":\"https:\\\/\\\/schema.org\",\"@graph\":[{\"@type\":\"WebPage\",\"@id\":\"https:\\\/\\\/morganadelre.it\\\/product\\\/colata-pian-sue\\\/\",\"url\":\"https:\\\/\\\/morganadelre.it\\\/product\\\/colata-pian-sue\\\/\",\"name\":\"Colata Pian Su\u00e8 - Morgana del Re\",\"isPartOf\":{\"@id\":\"https:\\\/\\\/morganadelre.it\\\/#website\"},\"primaryImageOfPage\":{\"@id\":\"https:\\\/\\\/morganadelre.it\\\/product\\\/colata-pian-sue\\\/#primaryimage\"},\"image\":{\"@id\":\"https:\\\/\\\/morganadelre.it\\\/product\\\/colata-pian-sue\\\/#primaryimage\"},\"thumbnailUrl\":\"https:\\\/\\\/morganadelre.it\\\/wp-content\\\/uploads\\\/2018\\\/11\\\/70.jpg\",\"datePublished\":\"2018-11-14T12:56:04+00:00\",\"dateModified\":\"2026-01-09T10:35:55+00:00\",\"breadcrumb\":{\"@id\":\"https:\\\/\\\/morganadelre.it\\\/product\\\/colata-pian-sue\\\/#breadcrumb\"},\"inLanguage\":\"en-US\",\"potentialAction\":[{\"@type\":\"ReadAction\",\"target\":[\"https:\\\/\\\/morganadelre.it\\\/product\\\/colata-pian-sue\\\/\"]}]},{\"@type\":\"ImageObject\",\"inLanguage\":\"en-US\",\"@id\":\"https:\\\/\\\/morganadelre.it\\\/product\\\/colata-pian-sue\\\/#primaryimage\",\"url\":\"https:\\\/\\\/morganadelre.it\\\/wp-content\\\/uploads\\\/2018\\\/11\\\/70.jpg\",\"contentUrl\":\"https:\\\/\\\/morganadelre.it\\\/wp-content\\\/uploads\\\/2018\\\/11\\\/70.jpg\",\"width\":800,\"height\":800},{\"@type\":\"BreadcrumbList\",\"@id\":\"https:\\\/\\\/morganadelre.it\\\/product\\\/colata-pian-sue\\\/#breadcrumb\",\"itemListElement\":[{\"@type\":\"ListItem\",\"position\":1,\"name\":\"Home\",\"item\":\"https:\\\/\\\/morganadelre.it\\\/\"},{\"@type\":\"ListItem\",\"position\":2,\"name\":\"Shop\",\"item\":\"https:\\\/\\\/morganadelre.it\\\/en\\\/shop\\\/\"},{\"@type\":\"ListItem\",\"position\":3,\"name\":\"Colata Pian Su\u00e8\"}]},{\"@type\":\"WebSite\",\"@id\":\"https:\\\/\\\/morganadelre.it\\\/#website\",\"url\":\"https:\\\/\\\/morganadelre.it\\\/\",\"name\":\"Morgana del Re\",\"description\":\"Piedmont hazelnut I.G.P. Organic Langhe\",\"potentialAction\":[{\"@type\":\"SearchAction\",\"target\":{\"@type\":\"EntryPoint\",\"urlTemplate\":\"https:\\\/\\\/morganadelre.it\\\/?s={search_term_string}\"},\"query-input\":{\"@type\":\"PropertyValueSpecification\",\"valueRequired\":true,\"valueName\":\"search_term_string\"}}],\"inLanguage\":\"en-US\"}]}<\/script>\n<!-- \/ Yoast SEO plugin. -->","yoast_head_json":{"title":"Colata Pian Su\u00e8 - Morgana del Re","robots":{"index":"index","follow":"follow","max-snippet":"max-snippet:-1","max-image-preview":"max-image-preview:large","max-video-preview":"max-video-preview:-1"},"canonical":"https:\/\/morganadelre.it\/product\/colata-pian-sue\/","og_locale":"en_US","og_type":"article","og_title":"Colata Pian Su\u00e8 - Morgana del Re","og_description":"[:it]La \u201cColata Pian Su\u00e9\u201d \u00e8 la nostra pregiata pasta di nocciole, ottenuta dalla lavorazione della nocciola Tonda Gentile Trilobata. Dopo la cernita maniacale e la tostatura, passaggio fondamentale nel quale il nostro prodotto si caratterizza per aromi e propriet\u00e0 nutrizionali uniche, si passa alla macinazione, trasformando il prodotto in farina, che, viene infine lavorata fino a divenire una \u201cColata\u201d cremosa, dal tipico colore dorato e dagli aromi tostati intensi ed avvolgenti. Un prodotto goloso e irrinunciabile, dal sapore unico ed inconfondibile.[:en]\"Colone Pian Su\u00e9\" is our precious hazelnut paste, obtained by processing the Tonda Gentile Trilobata. After sorting and roasting the hazelnuts, two of the essential steps in which our paste obtains its unique aromas and nutritional properties, we move to grinding in order to turn the product into flour, which is finally processed until it becomes a creamy \u201cColata\u201d, recognizable from the unmistakable golden color and intense and enveloping toasted aromas. A delicious and indispensable product with an unique flavor.[:]","og_url":"https:\/\/morganadelre.it\/product\/colata-pian-sue\/","og_site_name":"Morgana del Re","article_publisher":"https:\/\/www.facebook.com\/Morgana-del-Re-1901403776621094","article_modified_time":"2026-01-09T10:35:55+00:00","og_image":[{"width":800,"height":800,"url":"https:\/\/morganadelre.it\/wp-content\/uploads\/2018\/11\/70.jpg","type":"image\/jpeg"}],"twitter_card":"summary_large_image","twitter_misc":{"Est. reading time":"4 minutes"},"schema":{"@context":"https:\/\/schema.org","@graph":[{"@type":"WebPage","@id":"https:\/\/morganadelre.it\/product\/colata-pian-sue\/","url":"https:\/\/morganadelre.it\/product\/colata-pian-sue\/","name":"Colata Pian Su\u00e8 - Morgana del Re","isPartOf":{"@id":"https:\/\/morganadelre.it\/#website"},"primaryImageOfPage":{"@id":"https:\/\/morganadelre.it\/product\/colata-pian-sue\/#primaryimage"},"image":{"@id":"https:\/\/morganadelre.it\/product\/colata-pian-sue\/#primaryimage"},"thumbnailUrl":"https:\/\/morganadelre.it\/wp-content\/uploads\/2018\/11\/70.jpg","datePublished":"2018-11-14T12:56:04+00:00","dateModified":"2026-01-09T10:35:55+00:00","breadcrumb":{"@id":"https:\/\/morganadelre.it\/product\/colata-pian-sue\/#breadcrumb"},"inLanguage":"en-US","potentialAction":[{"@type":"ReadAction","target":["https:\/\/morganadelre.it\/product\/colata-pian-sue\/"]}]},{"@type":"ImageObject","inLanguage":"en-US","@id":"https:\/\/morganadelre.it\/product\/colata-pian-sue\/#primaryimage","url":"https:\/\/morganadelre.it\/wp-content\/uploads\/2018\/11\/70.jpg","contentUrl":"https:\/\/morganadelre.it\/wp-content\/uploads\/2018\/11\/70.jpg","width":800,"height":800},{"@type":"BreadcrumbList","@id":"https:\/\/morganadelre.it\/product\/colata-pian-sue\/#breadcrumb","itemListElement":[{"@type":"ListItem","position":1,"name":"Home","item":"https:\/\/morganadelre.it\/"},{"@type":"ListItem","position":2,"name":"Shop","item":"https:\/\/morganadelre.it\/en\/shop\/"},{"@type":"ListItem","position":3,"name":"Colata Pian Su\u00e8"}]},{"@type":"WebSite","@id":"https:\/\/morganadelre.it\/#website","url":"https:\/\/morganadelre.it\/","name":"Morgana del Re","description":"Piedmont hazelnut I.G.P. Organic Langhe","potentialAction":[{"@type":"SearchAction","target":{"@type":"EntryPoint","urlTemplate":"https:\/\/morganadelre.it\/?s={search_term_string}"},"query-input":{"@type":"PropertyValueSpecification","valueRequired":true,"valueName":"search_term_string"}}],"inLanguage":"en-US"}]}},"_links":{"self":[{"href":"https:\/\/morganadelre.it\/en\/wp-json\/wp\/v2\/product\/2996","targetHints":{"allow":["GET"]}}],"collection":[{"href":"https:\/\/morganadelre.it\/en\/wp-json\/wp\/v2\/product"}],"about":[{"href":"https:\/\/morganadelre.it\/en\/wp-json\/wp\/v2\/types\/product"}],"replies":[{"embeddable":true,"href":"https:\/\/morganadelre.it\/en\/wp-json\/wp\/v2\/comments?post=2996"}],"wp:featuredmedia":[{"embeddable":true,"href":"https:\/\/morganadelre.it\/en\/wp-json\/wp\/v2\/media\/2997"}],"wp:attachment":[{"href":"https:\/\/morganadelre.it\/en\/wp-json\/wp\/v2\/media?parent=2996"}],"wp:term":[{"taxonomy":"product_brand","embeddable":true,"href":"https:\/\/morganadelre.it\/en\/wp-json\/wp\/v2\/product_brand?post=2996"},{"taxonomy":"product_cat","embeddable":true,"href":"https:\/\/morganadelre.it\/en\/wp-json\/wp\/v2\/product_cat?post=2996"},{"taxonomy":"product_tag","embeddable":true,"href":"https:\/\/morganadelre.it\/en\/wp-json\/wp\/v2\/product_tag?post=2996"}],"curies":[{"name":"wp","href":"https:\/\/api.w.org\/{rel}","templated":true}]}}