{"id":3004,"date":"2018-11-14T14:00:37","date_gmt":"2018-11-14T13:00:37","guid":{"rendered":"http:\/\/morganadelre.it\/?post_type=product&#038;p=3004"},"modified":"2025-05-11T19:42:51","modified_gmt":"2025-05-11T17:42:51","slug":"coccola-alla-cannella","status":"publish","type":"product","link":"https:\/\/morganadelre.it\/en\/product\/coccola-alla-cannella\/","title":{"rendered":"Coccola alla Cannella"},"content":{"rendered":"<p><\/p>\n<p class=\"p1\"><span class=\"s1\">From the union of hazelnut flour, cocoa powder, coconut sugar and cinnamon comes the &#8220;Coccola alla Cannella&#8221;, a delicious aromatic cream which blends the classic toasted hazelnut taste and the characteristic and firm oriental hints of cinnamon. The hazelnut flour used is extrapolated from our ground, obtained from Tonde Gentili Trilobate, carefully selected and toasted. An indispensable \u201cCoccola&#8221; with unmistakable flavors and high nutritional values.<\/span><\/p>\n<p class=\"p1\"><strong>Ingredients:<\/strong><\/p>\n<table style=\"height: 220px;\" width=\"465\">\n<tbody>\n<tr>\n<td>\n<p class=\"p1\">&#8211; Nocciola Piemonte IGP DELLE LANGHE biologica (62%)<\/p>\n<p class=\"p1\">&#8211; Zucchero da fiori di cocco biologico<\/p>\n<p class=\"p1\">&#8211; Cacao magro biologico<\/p>\n<p class=\"p1\">&#8211; Cannella in polvere 3,3% biologico<\/p>\n<\/td>\n<td><\/td>\n<\/tr>\n<\/tbody>\n<\/table>\n<p>_______________________________________________________<\/p>\n<p><span class=\"s2\">\u2013 100% vegetable product.<\/span><\/p>\n<p><span class=\"s2\">\u2013 Without added preservatives and stabilizers.<\/span><\/p>\n<p><span class=\"s2\">\u2013 Our company does not process gluten.<\/span><\/p>\n<p><span class=\"s2\">\u2013 No G.M.O<\/span><\/p>\n<p class=\"p1\"><strong><span class=\"s1\">Packaging:<\/span><\/strong><\/p>\n<p class=\"p1\"><span class=\"s1\">Glass jar, ideal for preserving the aromas and lowering the impact on the environment.<\/span><\/p>\n<p class=\"p1\"><strong><span class=\"s1\">Weight:<\/span><\/strong><\/p>\n<p>200 g<\/p>\n<p class=\"p1\"><strong><span class=\"s1\">Use recommendations:<\/span><\/strong><\/p>\n<p class=\"p1\"><span class=\"s1\">Perfect as it is simple, the &#8220;Coccola alla Cannella&#8221; can be spread on a slice of bread, used as a filling for cakes, cream puffs and pastries, or as a delicious variant of the cream used for the traditional Baci di Dama. Highly recommended for the lovers of cinnamon, our cream is an exquisite &#8220;Coccola&#8221;, a real gluttonous sin to indulge in moments of relaxation.<\/span><\/p>\n<p class=\"p1\">CURIOSITA&#8217;<\/p>\n<p class=\"p1\">Quando apri le nostre confezioni di crema di nocciola, potresti trovare una parte di olio separato dal resto del prodotto. Questo \u00e8 un fatto del tutto naturale, in quanto le nostre creme non contengono n\u00e9 conservanti, n\u00e9 addensanti o stabilizzanti aggiunti.<\/p>\n<p class=\"p1\">Questo processo fisico, non \u00e8 un\u2019anomalia, ma \u00e8 indice di assoluta qualit\u00e0. Basta quindi miscelare prima dell\u2019utilizzo il prodotto, per ottenere l\u2019amalgama originale e degustare tutto il sapore e l\u2019aroma della nostra crema.<\/p>\n<p class=\"p1\"><strong>Certifricazioni e Marchi:<\/strong><\/p>\n<p class=\"p1\"><strong><img loading=\"lazy\" decoding=\"async\" class=\"size-medium wp-image-3327 alignleft\" src=\"http:\/\/morganadelre.it\/wp-content\/uploads\/2018\/12\/certificazione_bioD366-300x101.jpg\" alt=\"\" width=\"300\" height=\"101\" srcset=\"https:\/\/morganadelre.it\/wp-content\/uploads\/2018\/12\/certificazione_bioD366-300x101.jpg 300w, https:\/\/morganadelre.it\/wp-content\/uploads\/2018\/12\/certificazione_bioD366-768x259.jpg 768w, https:\/\/morganadelre.it\/wp-content\/uploads\/2018\/12\/certificazione_bioD366-570x193.jpg 570w, https:\/\/morganadelre.it\/wp-content\/uploads\/2018\/12\/certificazione_bioD366.jpg 900w\" sizes=\"auto, (max-width: 300px) 100vw, 300px\" \/><br \/>\n<\/strong><\/p>\n<p>&nbsp;<\/p>\n<p>&nbsp;<\/p>\n<p class=\"p1\">Fin da quando abbiamo intrapreso questa attivit\u00e0 la nostra prerogativa \u00e8 stata quella di coltivare e trasformare nocciole utilizzando il metodo BIOLOGICO, senza sfruttare i terreni e utilizzando per tutte le ricette ingredienti BIO di altissima qualit\u00e0.<\/p>\n<p class=\"p1\">La nostra \u00e8 una sfida che portiamo avanti con orgoglio e passione in un territorio dove solo poche aziende producono la Nocciola Piemonte IGP in modo Biologico e innovativo.<\/p>\n<p class=\"p1\"><strong>Selezionati da:<\/strong><\/p>\n<p><img loading=\"lazy\" decoding=\"async\" class=\"alignnone size-medium wp-image-3334\" src=\"http:\/\/morganadelre.it\/wp-content\/uploads\/2018\/12\/maurizio-300x212.jpg\" alt=\"\" width=\"300\" height=\"212\" srcset=\"https:\/\/morganadelre.it\/wp-content\/uploads\/2018\/12\/maurizio-300x212.jpg 300w, https:\/\/morganadelre.it\/wp-content\/uploads\/2018\/12\/maurizio-768x543.jpg 768w, https:\/\/morganadelre.it\/wp-content\/uploads\/2018\/12\/maurizio-1024x724.jpg 1024w, https:\/\/morganadelre.it\/wp-content\/uploads\/2018\/12\/maurizio-220x154.jpg 220w, https:\/\/morganadelre.it\/wp-content\/uploads\/2018\/12\/maurizio-570x403.jpg 570w\" sizes=\"auto, (max-width: 300px) 100vw, 300px\" \/><\/p>","protected":false},"excerpt":{"rendered":"<p class=\"p1\"><span class=\"s1\">From the union of hazelnut flour, cocoa powder, coconut sugar and cinnamon comes the &#8220;Coccola alla Cannella&#8221;, a delicious aromatic cream which blends the classic toasted hazelnut taste and the characteristic and firm oriental hints of cinnamon. The hazelnut flour used is extrapolated from our ground, obtained from Tonde Gentili Trilobate, carefully selected and toasted. An indispensable \u201cCoccola&#8221; with unmistakable flavors and high nutritional values.<\/span><\/p>\n","protected":false},"featured_media":3005,"comment_status":"closed","ping_status":"closed","template":"","meta":{"_price":"14.7","_stock":"","_tribe_ticket_header":"","_tribe_default_ticket_provider":"","_tribe_ticket_capacity":"","_ticket_start_date":"","_ticket_end_date":"","_tribe_ticket_show_description":"","_tribe_ticket_show_not_going":false,"_tribe_ticket_use_global_stock":"","_tribe_ticket_global_stock_level":"","_global_stock_mode":"","_global_stock_cap":"","_tribe_rsvp_for_event":"","_tribe_ticket_going_count":"","_tribe_ticket_not_going_count":"","_tribe_tickets_list":"[]","_tribe_ticket_has_attendee_info_fields":false},"product_brand":[],"product_cat":[76,82],"product_tag":[],"class_list":{"0":"post-3004","1":"product","2":"type-product","3":"status-publish","4":"has-post-thumbnail","6":"product_cat-le-creme-spalmabili","7":"product_cat-tutti-i-prodotti","9":"first","10":"instock","11":"taxable","12":"shipping-taxable","13":"purchasable","14":"product-type-simple"},"yoast_head":"<!-- This site is optimized with the Yoast SEO plugin v27.4 - https:\/\/yoast.com\/product\/yoast-seo-wordpress\/ -->\n<title>Coccola alla Cannella - Morgana del Re<\/title>\n<meta name=\"robots\" content=\"index, follow, max-snippet:-1, max-image-preview:large, max-video-preview:-1\" \/>\n<link rel=\"canonical\" href=\"https:\/\/morganadelre.it\/product\/coccola-alla-cannella\/\" \/>\n<meta property=\"og:locale\" content=\"en_US\" \/>\n<meta property=\"og:type\" content=\"article\" \/>\n<meta property=\"og:title\" content=\"Coccola alla Cannella - Morgana del Re\" \/>\n<meta property=\"og:description\" content=\"[:it]Dall\u2019unione della pasta di nocciole, cacao, zucchero di cocco e cannella nasce la \u201cCoccola alla Cannella\u201d, deliziosa crema aromatica, caratterizzata dal tipico aroma tostato della nocciola e dai sentori orientali caratteristici e decisi della cannella. La pasta di nocciole utilizzata \u00e8 estrapolata dal nostro macinato, ottenuto da nocciola Tonda Gentile Trilobata, attentamente selezionata e tostata. Una \u201ccoccola\u201d irrinunciabile, dai sapori inconfondibili e dagli elevati valori nutrizionali.[:en]From the union of hazelnut flour, cocoa powder, coconut sugar and cinnamon comes the &quot;Coccola alla Cannella&quot;, a delicious aromatic cream which blends the classic toasted hazelnut taste and the characteristic and firm oriental hints of cinnamon. The hazelnut flour used is extrapolated from our ground, obtained from Tonde Gentili Trilobate, carefully selected and toasted. An indispensable \u201cCoccola&quot; with unmistakable flavors and high nutritional values.[:]\" \/>\n<meta property=\"og:url\" content=\"https:\/\/morganadelre.it\/product\/coccola-alla-cannella\/\" \/>\n<meta property=\"og:site_name\" content=\"Morgana del Re\" \/>\n<meta property=\"article:publisher\" content=\"https:\/\/www.facebook.com\/Morgana-del-Re-1901403776621094\" \/>\n<meta property=\"article:modified_time\" content=\"2025-05-11T17:42:51+00:00\" \/>\n<meta property=\"og:image\" content=\"https:\/\/morganadelre.it\/wp-content\/uploads\/2018\/11\/65.jpg\" \/>\n\t<meta property=\"og:image:width\" content=\"800\" \/>\n\t<meta property=\"og:image:height\" content=\"800\" \/>\n\t<meta property=\"og:image:type\" content=\"image\/jpeg\" \/>\n<meta name=\"twitter:card\" content=\"summary_large_image\" \/>\n<meta name=\"twitter:label1\" content=\"Est. reading time\" \/>\n\t<meta name=\"twitter:data1\" content=\"4 minutes\" \/>\n<script type=\"application\/ld+json\" class=\"yoast-schema-graph\">{\"@context\":\"https:\\\/\\\/schema.org\",\"@graph\":[{\"@type\":\"WebPage\",\"@id\":\"https:\\\/\\\/morganadelre.it\\\/product\\\/coccola-alla-cannella\\\/\",\"url\":\"https:\\\/\\\/morganadelre.it\\\/product\\\/coccola-alla-cannella\\\/\",\"name\":\"Coccola alla Cannella - Morgana del Re\",\"isPartOf\":{\"@id\":\"https:\\\/\\\/morganadelre.it\\\/#website\"},\"primaryImageOfPage\":{\"@id\":\"https:\\\/\\\/morganadelre.it\\\/product\\\/coccola-alla-cannella\\\/#primaryimage\"},\"image\":{\"@id\":\"https:\\\/\\\/morganadelre.it\\\/product\\\/coccola-alla-cannella\\\/#primaryimage\"},\"thumbnailUrl\":\"https:\\\/\\\/morganadelre.it\\\/wp-content\\\/uploads\\\/2018\\\/11\\\/65.jpg\",\"datePublished\":\"2018-11-14T13:00:37+00:00\",\"dateModified\":\"2025-05-11T17:42:51+00:00\",\"breadcrumb\":{\"@id\":\"https:\\\/\\\/morganadelre.it\\\/product\\\/coccola-alla-cannella\\\/#breadcrumb\"},\"inLanguage\":\"en-US\",\"potentialAction\":[{\"@type\":\"ReadAction\",\"target\":[\"https:\\\/\\\/morganadelre.it\\\/product\\\/coccola-alla-cannella\\\/\"]}]},{\"@type\":\"ImageObject\",\"inLanguage\":\"en-US\",\"@id\":\"https:\\\/\\\/morganadelre.it\\\/product\\\/coccola-alla-cannella\\\/#primaryimage\",\"url\":\"https:\\\/\\\/morganadelre.it\\\/wp-content\\\/uploads\\\/2018\\\/11\\\/65.jpg\",\"contentUrl\":\"https:\\\/\\\/morganadelre.it\\\/wp-content\\\/uploads\\\/2018\\\/11\\\/65.jpg\",\"width\":800,\"height\":800},{\"@type\":\"BreadcrumbList\",\"@id\":\"https:\\\/\\\/morganadelre.it\\\/product\\\/coccola-alla-cannella\\\/#breadcrumb\",\"itemListElement\":[{\"@type\":\"ListItem\",\"position\":1,\"name\":\"Home\",\"item\":\"https:\\\/\\\/morganadelre.it\\\/\"},{\"@type\":\"ListItem\",\"position\":2,\"name\":\"Shop\",\"item\":\"https:\\\/\\\/morganadelre.it\\\/en\\\/shop\\\/\"},{\"@type\":\"ListItem\",\"position\":3,\"name\":\"Coccola alla Cannella\"}]},{\"@type\":\"WebSite\",\"@id\":\"https:\\\/\\\/morganadelre.it\\\/#website\",\"url\":\"https:\\\/\\\/morganadelre.it\\\/\",\"name\":\"Morgana del Re\",\"description\":\"Piedmont hazelnut I.G.P. Organic Langhe\",\"potentialAction\":[{\"@type\":\"SearchAction\",\"target\":{\"@type\":\"EntryPoint\",\"urlTemplate\":\"https:\\\/\\\/morganadelre.it\\\/?s={search_term_string}\"},\"query-input\":{\"@type\":\"PropertyValueSpecification\",\"valueRequired\":true,\"valueName\":\"search_term_string\"}}],\"inLanguage\":\"en-US\"}]}<\/script>\n<!-- \/ Yoast SEO plugin. -->","yoast_head_json":{"title":"Coccola alla Cannella - Morgana del Re","robots":{"index":"index","follow":"follow","max-snippet":"max-snippet:-1","max-image-preview":"max-image-preview:large","max-video-preview":"max-video-preview:-1"},"canonical":"https:\/\/morganadelre.it\/product\/coccola-alla-cannella\/","og_locale":"en_US","og_type":"article","og_title":"Coccola alla Cannella - Morgana del Re","og_description":"[:it]Dall\u2019unione della pasta di nocciole, cacao, zucchero di cocco e cannella nasce la \u201cCoccola alla Cannella\u201d, deliziosa crema aromatica, caratterizzata dal tipico aroma tostato della nocciola e dai sentori orientali caratteristici e decisi della cannella. La pasta di nocciole utilizzata \u00e8 estrapolata dal nostro macinato, ottenuto da nocciola Tonda Gentile Trilobata, attentamente selezionata e tostata. Una \u201ccoccola\u201d irrinunciabile, dai sapori inconfondibili e dagli elevati valori nutrizionali.[:en]From the union of hazelnut flour, cocoa powder, coconut sugar and cinnamon comes the \"Coccola alla Cannella\", a delicious aromatic cream which blends the classic toasted hazelnut taste and the characteristic and firm oriental hints of cinnamon. The hazelnut flour used is extrapolated from our ground, obtained from Tonde Gentili Trilobate, carefully selected and toasted. An indispensable \u201cCoccola\" with unmistakable flavors and high nutritional values.[:]","og_url":"https:\/\/morganadelre.it\/product\/coccola-alla-cannella\/","og_site_name":"Morgana del Re","article_publisher":"https:\/\/www.facebook.com\/Morgana-del-Re-1901403776621094","article_modified_time":"2025-05-11T17:42:51+00:00","og_image":[{"width":800,"height":800,"url":"https:\/\/morganadelre.it\/wp-content\/uploads\/2018\/11\/65.jpg","type":"image\/jpeg"}],"twitter_card":"summary_large_image","twitter_misc":{"Est. reading time":"4 minutes"},"schema":{"@context":"https:\/\/schema.org","@graph":[{"@type":"WebPage","@id":"https:\/\/morganadelre.it\/product\/coccola-alla-cannella\/","url":"https:\/\/morganadelre.it\/product\/coccola-alla-cannella\/","name":"Coccola alla Cannella - Morgana del Re","isPartOf":{"@id":"https:\/\/morganadelre.it\/#website"},"primaryImageOfPage":{"@id":"https:\/\/morganadelre.it\/product\/coccola-alla-cannella\/#primaryimage"},"image":{"@id":"https:\/\/morganadelre.it\/product\/coccola-alla-cannella\/#primaryimage"},"thumbnailUrl":"https:\/\/morganadelre.it\/wp-content\/uploads\/2018\/11\/65.jpg","datePublished":"2018-11-14T13:00:37+00:00","dateModified":"2025-05-11T17:42:51+00:00","breadcrumb":{"@id":"https:\/\/morganadelre.it\/product\/coccola-alla-cannella\/#breadcrumb"},"inLanguage":"en-US","potentialAction":[{"@type":"ReadAction","target":["https:\/\/morganadelre.it\/product\/coccola-alla-cannella\/"]}]},{"@type":"ImageObject","inLanguage":"en-US","@id":"https:\/\/morganadelre.it\/product\/coccola-alla-cannella\/#primaryimage","url":"https:\/\/morganadelre.it\/wp-content\/uploads\/2018\/11\/65.jpg","contentUrl":"https:\/\/morganadelre.it\/wp-content\/uploads\/2018\/11\/65.jpg","width":800,"height":800},{"@type":"BreadcrumbList","@id":"https:\/\/morganadelre.it\/product\/coccola-alla-cannella\/#breadcrumb","itemListElement":[{"@type":"ListItem","position":1,"name":"Home","item":"https:\/\/morganadelre.it\/"},{"@type":"ListItem","position":2,"name":"Shop","item":"https:\/\/morganadelre.it\/en\/shop\/"},{"@type":"ListItem","position":3,"name":"Coccola alla Cannella"}]},{"@type":"WebSite","@id":"https:\/\/morganadelre.it\/#website","url":"https:\/\/morganadelre.it\/","name":"Morgana del Re","description":"Piedmont hazelnut I.G.P. Organic Langhe","potentialAction":[{"@type":"SearchAction","target":{"@type":"EntryPoint","urlTemplate":"https:\/\/morganadelre.it\/?s={search_term_string}"},"query-input":{"@type":"PropertyValueSpecification","valueRequired":true,"valueName":"search_term_string"}}],"inLanguage":"en-US"}]}},"_links":{"self":[{"href":"https:\/\/morganadelre.it\/en\/wp-json\/wp\/v2\/product\/3004","targetHints":{"allow":["GET"]}}],"collection":[{"href":"https:\/\/morganadelre.it\/en\/wp-json\/wp\/v2\/product"}],"about":[{"href":"https:\/\/morganadelre.it\/en\/wp-json\/wp\/v2\/types\/product"}],"replies":[{"embeddable":true,"href":"https:\/\/morganadelre.it\/en\/wp-json\/wp\/v2\/comments?post=3004"}],"wp:featuredmedia":[{"embeddable":true,"href":"https:\/\/morganadelre.it\/en\/wp-json\/wp\/v2\/media\/3005"}],"wp:attachment":[{"href":"https:\/\/morganadelre.it\/en\/wp-json\/wp\/v2\/media?parent=3004"}],"wp:term":[{"taxonomy":"product_brand","embeddable":true,"href":"https:\/\/morganadelre.it\/en\/wp-json\/wp\/v2\/product_brand?post=3004"},{"taxonomy":"product_cat","embeddable":true,"href":"https:\/\/morganadelre.it\/en\/wp-json\/wp\/v2\/product_cat?post=3004"},{"taxonomy":"product_tag","embeddable":true,"href":"https:\/\/morganadelre.it\/en\/wp-json\/wp\/v2\/product_tag?post=3004"}],"curies":[{"name":"wp","href":"https:\/\/api.w.org\/{rel}","templated":true}]}}