{"id":3006,"date":"2018-11-14T14:01:38","date_gmt":"2018-11-14T13:01:38","guid":{"rendered":"http:\/\/morganadelre.it\/?post_type=product&#038;p=3006"},"modified":"2025-05-11T19:21:35","modified_gmt":"2025-05-11T17:21:35","slug":"coccola-allo-zenzero","status":"publish","type":"product","link":"https:\/\/morganadelre.it\/en\/product\/coccola-allo-zenzero\/","title":{"rendered":"Coccola allo Zenzero"},"content":{"rendered":"<p><\/p>\n<p class=\"p1\"><span class=\"s1\">The &#8220;Coccola allo Zenzero&#8221;, a fine cream of hazelnuts and ginger, is the result of careful selection, meticulous roasting and careful grinding, followed by the transformation of the Tonde Gentili Trilobate hazelnuts into flour. The flour, with its unmistakable aromas and precious nutritional properties, is finally processed and amalgamated with cocoa, ginger and coconut sugar. A cream of great quality which features a firm taste, with slightly spicy hints of ginger.<\/span><\/p>\n<p class=\"p1\"><strong>Ingredients:<\/strong><\/p>\n<table style=\"height: 232px;\" width=\"554\">\n<tbody>\n<tr>\n<td>\n<p class=\"p1\">&#8211; Nocciola Piemonte IGP DELLE LANGHE biologica (62%)<\/p>\n<p class=\"p1\">&#8211; Zucchero da fiori di cocco biologico<\/p>\n<p class=\"p1\">&#8211; Cacao magro biologico<\/p>\n<p class=\"p1\">&#8211; Zenzero in polvere 1,4% biologico<\/p>\n<\/td>\n<td><\/td>\n<\/tr>\n<\/tbody>\n<\/table>\n<p>_______________________________________________________<\/p>\n<p><span class=\"s2\">\u2013 100% vegetable product.<\/span><\/p>\n<p><span class=\"s2\">\u2013 Without added preservatives and stabilizers.<\/span><\/p>\n<p><span class=\"s2\">\u2013 Our company does not process gluten.<\/span><\/p>\n<p><span class=\"s2\">\u2013 No G.M.O<\/span><\/p>\n<p class=\"p1\"><strong><span class=\"s1\">Packaging:<\/span><\/strong><\/p>\n<p class=\"p1\"><span class=\"s1\">Glass jar, ideal for preserving the aromas and lowering the impact on the environment.<\/span><\/p>\n<p class=\"p1\"><strong><span class=\"s1\">Weight:<\/span><\/strong><\/p>\n<p>200 g<\/p>\n<p class=\"p1\"><strong><span class=\"s1\">Use recommendations:<\/span><\/strong><\/p>\n<p class=\"p1\"><span class=\"s1\">We recommend that you enjoy our &#8220;Coccola allo Zenzero&#8221; in its simplicity, spread on a slice of bread for breakfast, or use it as a filling for your cakes or in small pastries. The ginger is firstly an excellent natural remedy against colds and heartburns, but with its exotic and firm taste, it will spice up your recipes through a delicious and unique flavor, a real &#8220;Coccola&#8221; for your palate.<\/span><\/p>\n<p class=\"p1\">CURIOSITA&#8217;<\/p>\n<p class=\"p1\">Quando apri le nostre confezioni di crema di nocciola, potresti trovare una parte di olio separato dal resto del prodotto. Questo \u00e8 un fatto del tutto naturale, in quanto le nostre creme non contengono n\u00e9 conservanti, n\u00e9 addensanti o stabilizzanti aggiunti.<\/p>\n<p class=\"p1\">Questo processo fisico, non \u00e8 un\u2019anomalia, ma \u00e8 indice di assoluta qualit\u00e0. Basta quindi miscelare prima dell\u2019utilizzo il prodotto, per ottenere l\u2019amalgama originale e degustare tutto il sapore e l\u2019aroma della nostra crema.<\/p>\n<p class=\"p1\"><strong>Certificazioni e Marchi:<\/strong><\/p>\n<p class=\"p1\"><strong><img loading=\"lazy\" decoding=\"async\" class=\"size-medium wp-image-3327 alignleft\" src=\"http:\/\/morganadelre.it\/wp-content\/uploads\/2018\/12\/certificazione_bioD366-300x101.jpg\" alt=\"\" width=\"300\" height=\"101\" srcset=\"https:\/\/morganadelre.it\/wp-content\/uploads\/2018\/12\/certificazione_bioD366-300x101.jpg 300w, https:\/\/morganadelre.it\/wp-content\/uploads\/2018\/12\/certificazione_bioD366-768x259.jpg 768w, https:\/\/morganadelre.it\/wp-content\/uploads\/2018\/12\/certificazione_bioD366-570x193.jpg 570w, https:\/\/morganadelre.it\/wp-content\/uploads\/2018\/12\/certificazione_bioD366.jpg 900w\" sizes=\"auto, (max-width: 300px) 100vw, 300px\" \/><\/strong><\/p>\n<p>&nbsp;<\/p>\n<p>&nbsp;<\/p>\n<p>&nbsp;<\/p>\n<p class=\"p1\">Fin da quando abbiamo intrapreso questa attivit\u00e0 la nostra prerogativa \u00e8 stata quella di coltivare e trasformare nocciole utilizzando il metodo BIOLOGICO, senza sfruttare i terreni e utilizzando per tutte le ricette ingredienti BIO di altissima qualit\u00e0.<\/p>\n<p class=\"p1\">La nostra \u00e8 una sfida che portiamo avanti con orgoglio e passione in un territorio dove solo poche aziende producono la Nocciola Piemonte IGP in modo Biologico e innovativo.<\/p>\n<p class=\"p1\"><strong>Selezionati da:<\/strong><\/p>\n<p class=\"p1\"><a href=\"http:\/\/morganadelre.it\/selezione.html\" target=\"_blank\" rel=\"noopener\"><strong><img loading=\"lazy\" decoding=\"async\" class=\"alignnone size-medium wp-image-3334\" src=\"http:\/\/morganadelre.it\/wp-content\/uploads\/2018\/12\/maurizio-300x212.jpg\" alt=\"\" width=\"300\" height=\"212\" srcset=\"https:\/\/morganadelre.it\/wp-content\/uploads\/2018\/12\/maurizio-300x212.jpg 300w, https:\/\/morganadelre.it\/wp-content\/uploads\/2018\/12\/maurizio-768x543.jpg 768w, https:\/\/morganadelre.it\/wp-content\/uploads\/2018\/12\/maurizio-1024x724.jpg 1024w, https:\/\/morganadelre.it\/wp-content\/uploads\/2018\/12\/maurizio-220x154.jpg 220w, https:\/\/morganadelre.it\/wp-content\/uploads\/2018\/12\/maurizio-570x403.jpg 570w\" sizes=\"auto, (max-width: 300px) 100vw, 300px\" \/><\/strong><\/a><\/p>\n<p><\/p>","protected":false},"excerpt":{"rendered":"<p class=\"p1\"><span class=\"s1\">The &#8220;Coccola allo Zenzero&#8221;, a fine cream of hazelnuts and ginger, is the result of careful selection, meticulous roasting and careful grinding, followed by the transformation of the Tonde Gentili Trilobate hazelnuts into flour. The flour, with its unmistakable aromas and precious nutritional properties, is finally processed and amalgamated with cocoa, ginger and coconut sugar. A cream of great quality which features a firm taste, with slightly spicy hints of ginger.<\/span><\/p>\n","protected":false},"featured_media":3007,"comment_status":"closed","ping_status":"closed","template":"","meta":{"_price":"14.7","_stock":"","_tribe_ticket_header":"","_tribe_default_ticket_provider":"","_tribe_ticket_capacity":"","_ticket_start_date":"","_ticket_end_date":"","_tribe_ticket_show_description":"","_tribe_ticket_show_not_going":false,"_tribe_ticket_use_global_stock":"","_tribe_ticket_global_stock_level":"","_global_stock_mode":"","_global_stock_cap":"","_tribe_rsvp_for_event":"","_tribe_ticket_going_count":"","_tribe_ticket_not_going_count":"","_tribe_tickets_list":"[]","_tribe_ticket_has_attendee_info_fields":false},"product_brand":[],"product_cat":[76,82],"product_tag":[],"class_list":{"0":"post-3006","1":"product","2":"type-product","3":"status-publish","4":"has-post-thumbnail","6":"product_cat-le-creme-spalmabili","7":"product_cat-tutti-i-prodotti","9":"first","10":"instock","11":"taxable","12":"shipping-taxable","13":"purchasable","14":"product-type-simple"},"yoast_head":"<!-- This site is optimized with the Yoast SEO plugin v27.4 - https:\/\/yoast.com\/product\/yoast-seo-wordpress\/ -->\n<title>Coccola allo Zenzero - Morgana del Re<\/title>\n<meta name=\"robots\" content=\"index, follow, max-snippet:-1, max-image-preview:large, max-video-preview:-1\" \/>\n<link rel=\"canonical\" href=\"https:\/\/morganadelre.it\/product\/coccola-allo-zenzero\/\" \/>\n<meta property=\"og:locale\" content=\"en_US\" \/>\n<meta property=\"og:type\" content=\"article\" \/>\n<meta property=\"og:title\" content=\"Coccola allo Zenzero - Morgana del Re\" \/>\n<meta property=\"og:description\" content=\"[:it]La \u201cCoccola allo Zenzero\u201d, pregiata crema di nocciole e zenzero, \u00e8 figlia di un\u2019accurata selezione, di una meticolosa tostatura e di un\u2019attenta macinazione, seguita dalla conversione in pasta delle nocciole Tonde Gentili Trilobate. La pasta, caratterizzata da aromi inconfondibili e preziose propriet\u00e0 nutrizionali, viene infine lavorata e amalgamata con cacao, zenzero e zucchero di cocco. Una crema di grande qualit\u00e0, caratterizzata da un sapore deciso, dai sentori leggermente piccanti e agrumati, tipici dello zenzero.[:en]The &quot;Coccola allo Zenzero&quot;, a fine cream of hazelnuts and ginger, is the result of careful selection, meticulous roasting and careful grinding, followed by the transformation of the Tonde Gentili Trilobate hazelnuts into flour. The flour, with its unmistakable aromas and precious nutritional properties, is finally processed and amalgamated with cocoa, ginger and coconut sugar. A cream of great quality which features a firm taste, with slightly spicy hints of ginger.[:]\" \/>\n<meta property=\"og:url\" content=\"https:\/\/morganadelre.it\/product\/coccola-allo-zenzero\/\" \/>\n<meta property=\"og:site_name\" content=\"Morgana del Re\" \/>\n<meta property=\"article:publisher\" content=\"https:\/\/www.facebook.com\/Morgana-del-Re-1901403776621094\" \/>\n<meta property=\"article:modified_time\" content=\"2025-05-11T17:21:35+00:00\" \/>\n<meta property=\"og:image\" content=\"https:\/\/morganadelre.it\/wp-content\/uploads\/2018\/11\/64.jpg\" \/>\n\t<meta property=\"og:image:width\" content=\"800\" \/>\n\t<meta property=\"og:image:height\" content=\"800\" \/>\n\t<meta property=\"og:image:type\" content=\"image\/jpeg\" \/>\n<meta name=\"twitter:card\" content=\"summary_large_image\" \/>\n<meta name=\"twitter:label1\" content=\"Est. reading time\" \/>\n\t<meta name=\"twitter:data1\" content=\"4 minutes\" \/>\n<script type=\"application\/ld+json\" class=\"yoast-schema-graph\">{\"@context\":\"https:\\\/\\\/schema.org\",\"@graph\":[{\"@type\":\"WebPage\",\"@id\":\"https:\\\/\\\/morganadelre.it\\\/product\\\/coccola-allo-zenzero\\\/\",\"url\":\"https:\\\/\\\/morganadelre.it\\\/product\\\/coccola-allo-zenzero\\\/\",\"name\":\"Coccola allo Zenzero - Morgana del Re\",\"isPartOf\":{\"@id\":\"https:\\\/\\\/morganadelre.it\\\/#website\"},\"primaryImageOfPage\":{\"@id\":\"https:\\\/\\\/morganadelre.it\\\/product\\\/coccola-allo-zenzero\\\/#primaryimage\"},\"image\":{\"@id\":\"https:\\\/\\\/morganadelre.it\\\/product\\\/coccola-allo-zenzero\\\/#primaryimage\"},\"thumbnailUrl\":\"https:\\\/\\\/morganadelre.it\\\/wp-content\\\/uploads\\\/2018\\\/11\\\/64.jpg\",\"datePublished\":\"2018-11-14T13:01:38+00:00\",\"dateModified\":\"2025-05-11T17:21:35+00:00\",\"breadcrumb\":{\"@id\":\"https:\\\/\\\/morganadelre.it\\\/product\\\/coccola-allo-zenzero\\\/#breadcrumb\"},\"inLanguage\":\"en-US\",\"potentialAction\":[{\"@type\":\"ReadAction\",\"target\":[\"https:\\\/\\\/morganadelre.it\\\/product\\\/coccola-allo-zenzero\\\/\"]}]},{\"@type\":\"ImageObject\",\"inLanguage\":\"en-US\",\"@id\":\"https:\\\/\\\/morganadelre.it\\\/product\\\/coccola-allo-zenzero\\\/#primaryimage\",\"url\":\"https:\\\/\\\/morganadelre.it\\\/wp-content\\\/uploads\\\/2018\\\/11\\\/64.jpg\",\"contentUrl\":\"https:\\\/\\\/morganadelre.it\\\/wp-content\\\/uploads\\\/2018\\\/11\\\/64.jpg\",\"width\":800,\"height\":800},{\"@type\":\"BreadcrumbList\",\"@id\":\"https:\\\/\\\/morganadelre.it\\\/product\\\/coccola-allo-zenzero\\\/#breadcrumb\",\"itemListElement\":[{\"@type\":\"ListItem\",\"position\":1,\"name\":\"Home\",\"item\":\"https:\\\/\\\/morganadelre.it\\\/\"},{\"@type\":\"ListItem\",\"position\":2,\"name\":\"Shop\",\"item\":\"https:\\\/\\\/morganadelre.it\\\/en\\\/shop\\\/\"},{\"@type\":\"ListItem\",\"position\":3,\"name\":\"Coccola allo Zenzero\"}]},{\"@type\":\"WebSite\",\"@id\":\"https:\\\/\\\/morganadelre.it\\\/#website\",\"url\":\"https:\\\/\\\/morganadelre.it\\\/\",\"name\":\"Morgana del Re\",\"description\":\"Piedmont hazelnut I.G.P. Organic Langhe\",\"potentialAction\":[{\"@type\":\"SearchAction\",\"target\":{\"@type\":\"EntryPoint\",\"urlTemplate\":\"https:\\\/\\\/morganadelre.it\\\/?s={search_term_string}\"},\"query-input\":{\"@type\":\"PropertyValueSpecification\",\"valueRequired\":true,\"valueName\":\"search_term_string\"}}],\"inLanguage\":\"en-US\"}]}<\/script>\n<!-- \/ Yoast SEO plugin. -->","yoast_head_json":{"title":"Coccola allo Zenzero - Morgana del Re","robots":{"index":"index","follow":"follow","max-snippet":"max-snippet:-1","max-image-preview":"max-image-preview:large","max-video-preview":"max-video-preview:-1"},"canonical":"https:\/\/morganadelre.it\/product\/coccola-allo-zenzero\/","og_locale":"en_US","og_type":"article","og_title":"Coccola allo Zenzero - Morgana del Re","og_description":"[:it]La \u201cCoccola allo Zenzero\u201d, pregiata crema di nocciole e zenzero, \u00e8 figlia di un\u2019accurata selezione, di una meticolosa tostatura e di un\u2019attenta macinazione, seguita dalla conversione in pasta delle nocciole Tonde Gentili Trilobate. La pasta, caratterizzata da aromi inconfondibili e preziose propriet\u00e0 nutrizionali, viene infine lavorata e amalgamata con cacao, zenzero e zucchero di cocco. Una crema di grande qualit\u00e0, caratterizzata da un sapore deciso, dai sentori leggermente piccanti e agrumati, tipici dello zenzero.[:en]The \"Coccola allo Zenzero\", a fine cream of hazelnuts and ginger, is the result of careful selection, meticulous roasting and careful grinding, followed by the transformation of the Tonde Gentili Trilobate hazelnuts into flour. The flour, with its unmistakable aromas and precious nutritional properties, is finally processed and amalgamated with cocoa, ginger and coconut sugar. A cream of great quality which features a firm taste, with slightly spicy hints of ginger.[:]","og_url":"https:\/\/morganadelre.it\/product\/coccola-allo-zenzero\/","og_site_name":"Morgana del Re","article_publisher":"https:\/\/www.facebook.com\/Morgana-del-Re-1901403776621094","article_modified_time":"2025-05-11T17:21:35+00:00","og_image":[{"width":800,"height":800,"url":"https:\/\/morganadelre.it\/wp-content\/uploads\/2018\/11\/64.jpg","type":"image\/jpeg"}],"twitter_card":"summary_large_image","twitter_misc":{"Est. reading time":"4 minutes"},"schema":{"@context":"https:\/\/schema.org","@graph":[{"@type":"WebPage","@id":"https:\/\/morganadelre.it\/product\/coccola-allo-zenzero\/","url":"https:\/\/morganadelre.it\/product\/coccola-allo-zenzero\/","name":"Coccola allo Zenzero - Morgana del Re","isPartOf":{"@id":"https:\/\/morganadelre.it\/#website"},"primaryImageOfPage":{"@id":"https:\/\/morganadelre.it\/product\/coccola-allo-zenzero\/#primaryimage"},"image":{"@id":"https:\/\/morganadelre.it\/product\/coccola-allo-zenzero\/#primaryimage"},"thumbnailUrl":"https:\/\/morganadelre.it\/wp-content\/uploads\/2018\/11\/64.jpg","datePublished":"2018-11-14T13:01:38+00:00","dateModified":"2025-05-11T17:21:35+00:00","breadcrumb":{"@id":"https:\/\/morganadelre.it\/product\/coccola-allo-zenzero\/#breadcrumb"},"inLanguage":"en-US","potentialAction":[{"@type":"ReadAction","target":["https:\/\/morganadelre.it\/product\/coccola-allo-zenzero\/"]}]},{"@type":"ImageObject","inLanguage":"en-US","@id":"https:\/\/morganadelre.it\/product\/coccola-allo-zenzero\/#primaryimage","url":"https:\/\/morganadelre.it\/wp-content\/uploads\/2018\/11\/64.jpg","contentUrl":"https:\/\/morganadelre.it\/wp-content\/uploads\/2018\/11\/64.jpg","width":800,"height":800},{"@type":"BreadcrumbList","@id":"https:\/\/morganadelre.it\/product\/coccola-allo-zenzero\/#breadcrumb","itemListElement":[{"@type":"ListItem","position":1,"name":"Home","item":"https:\/\/morganadelre.it\/"},{"@type":"ListItem","position":2,"name":"Shop","item":"https:\/\/morganadelre.it\/en\/shop\/"},{"@type":"ListItem","position":3,"name":"Coccola allo Zenzero"}]},{"@type":"WebSite","@id":"https:\/\/morganadelre.it\/#website","url":"https:\/\/morganadelre.it\/","name":"Morgana del Re","description":"Piedmont hazelnut I.G.P. Organic Langhe","potentialAction":[{"@type":"SearchAction","target":{"@type":"EntryPoint","urlTemplate":"https:\/\/morganadelre.it\/?s={search_term_string}"},"query-input":{"@type":"PropertyValueSpecification","valueRequired":true,"valueName":"search_term_string"}}],"inLanguage":"en-US"}]}},"_links":{"self":[{"href":"https:\/\/morganadelre.it\/en\/wp-json\/wp\/v2\/product\/3006","targetHints":{"allow":["GET"]}}],"collection":[{"href":"https:\/\/morganadelre.it\/en\/wp-json\/wp\/v2\/product"}],"about":[{"href":"https:\/\/morganadelre.it\/en\/wp-json\/wp\/v2\/types\/product"}],"replies":[{"embeddable":true,"href":"https:\/\/morganadelre.it\/en\/wp-json\/wp\/v2\/comments?post=3006"}],"wp:featuredmedia":[{"embeddable":true,"href":"https:\/\/morganadelre.it\/en\/wp-json\/wp\/v2\/media\/3007"}],"wp:attachment":[{"href":"https:\/\/morganadelre.it\/en\/wp-json\/wp\/v2\/media?parent=3006"}],"wp:term":[{"taxonomy":"product_brand","embeddable":true,"href":"https:\/\/morganadelre.it\/en\/wp-json\/wp\/v2\/product_brand?post=3006"},{"taxonomy":"product_cat","embeddable":true,"href":"https:\/\/morganadelre.it\/en\/wp-json\/wp\/v2\/product_cat?post=3006"},{"taxonomy":"product_tag","embeddable":true,"href":"https:\/\/morganadelre.it\/en\/wp-json\/wp\/v2\/product_tag?post=3006"}],"curies":[{"name":"wp","href":"https:\/\/api.w.org\/{rel}","templated":true}]}}