{"id":3013,"date":"2018-11-14T14:05:50","date_gmt":"2018-11-14T13:05:50","guid":{"rendered":"http:\/\/morganadelre.it\/?post_type=product&#038;p=3013"},"modified":"2025-05-11T19:04:13","modified_gmt":"2025-05-11T17:04:13","slug":"piccoli-capricci","status":"publish","type":"product","link":"https:\/\/morganadelre.it\/en\/product\/piccoli-capricci\/","title":{"rendered":"Piccoli Capricci"},"content":{"rendered":"<p><\/p>\n<p class=\"p1\"><span class=\"s1\">Our &#8220;Piccoli Capricci\u201d come in a small size, for small gluttonous sins. The fine hazelnuts pralines come from the Tonde Gentili Trilobate, which are selected, toasted according to traditional methods of resistance heating and, finally, transformed into pralines and coated with delicious caramelized coconut sugar. The result is a unique delicacy, with incomparable quality. <\/span><\/p>\n<p class=\"p1\"><span class=\"s1\">A real \u201cPiccolo Capriccio&#8221; to satisfy, without sacrificing the genuineness and quality of the ingredients.<\/span><\/p>\n<p class=\"p1\"><strong>Ingredients:<\/strong><\/p>\n<table style=\"height: 127px;\" width=\"490\">\n<tbody>\n<tr>\n<td>\n<p class=\"p1\">&#8211; Nocciola Piemonte I.G.P. DELLE LANGHE biologica tostata 76%.<\/p>\n<p class=\"p1\">&#8211; Zucchero da fiori di Cocco biologico.<\/p>\n<\/td>\n<td><img decoding=\"async\" style=\"width: 100px; height: 70px;\" src=\"http:\/\/store.morganadelre.it\/img\/cms\/BIO_SoloLogo_1.jpg\" alt=\"\" \/><\/td>\n<\/tr>\n<\/tbody>\n<\/table>\n<p>_______________________________________________________<\/p>\n<p><span class=\"s2\">\u2013 100% vegetable product.<\/span><\/p>\n<p><span class=\"s2\">\u2013 Without added preservatives and stabilizers.<\/span><\/p>\n<p><span class=\"s2\">\u2013 Our company does not process gluten.<\/span><\/p>\n<p><span class=\"s2\">\u2013 No G.M.O<\/span><\/p>\n<p class=\"p2\"><strong><span class=\"s1\">Packaging:<\/span><\/strong><\/p>\n<p class=\"p1\"><span class=\"s1\">Polypropylene bag contained in an elegant box of fine cardboard.<\/span><\/p>\n<p class=\"p1\"><strong><span class=\"s1\">The label and the environment:<\/span><\/strong><\/p>\n<p class=\"p1\"><span class=\"s1\">By choosing this product, you are supporting the responsible management of earth\u2019s forests.<\/span><\/p>\n<p class=\"p1\"><span class=\"s1\">The Forest Stewardship Council (FSC) is a global non-lucrative organization dedicated to promoting responsible forest management in the world.<\/span><\/p>\n<p class=\"p1\"><span class=\"s1\">FSC defines standards based on recognized principles of responsible forest management [stewardship, N.d.T.] that are supported by operators environmentally involved in social and economic fields. To learn more, visit <a href=\"http:\/\/www.fsc.org\"><span class=\"s2\">www.fsc.org<\/span><\/a><\/span><\/p>\n<p class=\"p1\"><strong>Weight<\/strong>:<\/p>\n<p class=\"p1\">30 g<\/p>\n<p class=\"p1\"><strong><span class=\"s1\">Use recommendations:<\/span><\/strong><\/p>\n<p class=\"p1\"><span class=\"s1\">Perfect to taste at any time, the &#8220;Piccoli Capricci&#8221; are an irreplaceable small gluttonous sin.<\/span><\/p>\n<p class=\"p1\"><strong>Certifricazioni e Marchi:<\/strong><\/p>\n<p class=\"p1\"><strong><img decoding=\"async\" style=\"width: 400px; height: 140px;\" src=\"http:\/\/store.morganadelre.it\/img\/cms\/certificazione_bioD366.jpg\" alt=\"\" \/><\/strong><\/p>\n<p class=\"p1\">Fin da quando abbiamo intrapreso questa attivit\u00e0 la nostra prerogativa \u00e8 stata quella di coltivare e trasformare nocciole utilizzando il metodo BIOLOGICO, senza sfruttare i terreni e utilizzando per tutte le ricette ingredienti BIO di altissima qualit\u00e0.<\/p>\n<p class=\"p1\">La nostra \u00e8 una sfida che portiamo avanti con orgoglio e passione in un territorio dove solo poche aziende producono la Nocciola Piemonte IGP in modo Biologico e innovativo.<\/p>\n<p class=\"p1\"><strong>Selezionati da:<\/strong><\/p>\n<p class=\"p1\"><a href=\"http:\/\/morganadelre.it\/selezione.html\" target=\"_blank\" rel=\"noopener\"><strong><img decoding=\"async\" style=\"width: 200px; height: 140px;\" src=\"http:\/\/store.morganadelre.it\/img\/cms\/maurizio_1.jpg\" alt=\"\" \/><\/strong><\/a><\/p>\n<p>&nbsp;<\/p>","protected":false},"excerpt":{"rendered":"<p class=\"p1\"><span class=\"s1\">Our &#8220;Piccoli Capricci\u201d come in a small size, for small gluttonous sins. The fine hazelnuts pralines come from the Tonde Gentili Trilobate, which are selected, toasted according to traditional methods of resistance heating and, finally, transformed into pralines and coated with delicious caramelized coconut sugar. The result is a unique delicacy, with incomparable quality. <\/span><\/p>\n<p class=\"p1\"><span class=\"s1\">A real \u201cPiccolo Capriccio&#8221; to satisfy, without sacrificing the genuineness and quality of the ingredients.<\/span><\/p>\n","protected":false},"featured_media":3014,"comment_status":"open","ping_status":"closed","template":"","meta":{"_price":"9.1","_stock":"","_tribe_ticket_header":"","_tribe_default_ticket_provider":"","_tribe_ticket_capacity":"","_ticket_start_date":"","_ticket_end_date":"","_tribe_ticket_show_description":"","_tribe_ticket_show_not_going":false,"_tribe_ticket_use_global_stock":"","_tribe_ticket_global_stock_level":"","_global_stock_mode":"","_global_stock_cap":"","_tribe_rsvp_for_event":"","_tribe_ticket_going_count":"","_tribe_ticket_not_going_count":"","_tribe_tickets_list":"[]","_tribe_ticket_has_attendee_info_fields":false},"product_brand":[],"product_cat":[75,82],"product_tag":[],"class_list":{"0":"post-3013","1":"product","2":"type-product","3":"status-publish","4":"has-post-thumbnail","6":"product_cat-le-praline","7":"product_cat-tutti-i-prodotti","9":"first","10":"outofstock","11":"taxable","12":"shipping-taxable","13":"purchasable","14":"product-type-simple"},"yoast_head":"<!-- This site is optimized with the Yoast SEO plugin v27.4 - https:\/\/yoast.com\/product\/yoast-seo-wordpress\/ -->\n<title>Piccoli Capricci - Morgana del Re<\/title>\n<meta name=\"robots\" content=\"index, follow, max-snippet:-1, max-image-preview:large, max-video-preview:-1\" \/>\n<link rel=\"canonical\" href=\"https:\/\/morganadelre.it\/product\/piccoli-capricci\/\" \/>\n<meta property=\"og:locale\" content=\"en_US\" \/>\n<meta property=\"og:type\" content=\"article\" \/>\n<meta property=\"og:title\" content=\"Piccoli Capricci - Morgana del Re\" \/>\n<meta property=\"og:description\" content=\"[:it]I nostri &quot;Piccoli Capricci&quot; sono di taglia piccola, per piccoli peccati golosi. Le finissime praline di nocciole provengono dalla nocciola Tonda Gentile Trilobata, che viene selezionata, tostata secondo i metodi tradizionali di essicazione e infine trasformate in praline e ricoperte di delizioso zucchero di cocco caramellato. Il risultato \u00e8 una prelibatezza unica, dalla qualit\u00e0 incomparabile.  Un vero &quot;Piccolo Capriccio&quot; da soddisfare, senza rinunciare alla genuinit\u00e0 e qualit\u00e0 degli ingredienti.[:en]Our &quot;Piccoli Capricci\u201d come in a small size, for small gluttonous sins. The fine hazelnuts pralines come from the Tonde Gentili Trilobate, which are selected, toasted according to traditional methods of resistance heating and, finally, transformed into pralines and coated with delicious caramelized coconut sugar. The result is a unique delicacy, with incomparable quality.  A real \u201cPiccolo Capriccio&quot; to satisfy, without sacrificing the genuineness and quality of the ingredients.[:]\" \/>\n<meta property=\"og:url\" content=\"https:\/\/morganadelre.it\/product\/piccoli-capricci\/\" \/>\n<meta property=\"og:site_name\" content=\"Morgana del Re\" \/>\n<meta property=\"article:publisher\" content=\"https:\/\/www.facebook.com\/Morgana-del-Re-1901403776621094\" \/>\n<meta property=\"article:modified_time\" content=\"2025-05-11T17:04:13+00:00\" \/>\n<meta property=\"og:image\" content=\"https:\/\/morganadelre.it\/wp-content\/uploads\/2018\/11\/60.jpg\" \/>\n\t<meta property=\"og:image:width\" content=\"800\" \/>\n\t<meta property=\"og:image:height\" content=\"800\" \/>\n\t<meta property=\"og:image:type\" content=\"image\/jpeg\" \/>\n<meta name=\"twitter:card\" content=\"summary_large_image\" \/>\n<meta name=\"twitter:label1\" content=\"Est. reading time\" \/>\n\t<meta name=\"twitter:data1\" content=\"3 minutes\" \/>\n<script type=\"application\/ld+json\" class=\"yoast-schema-graph\">{\"@context\":\"https:\\\/\\\/schema.org\",\"@graph\":[{\"@type\":\"WebPage\",\"@id\":\"https:\\\/\\\/morganadelre.it\\\/product\\\/piccoli-capricci\\\/\",\"url\":\"https:\\\/\\\/morganadelre.it\\\/product\\\/piccoli-capricci\\\/\",\"name\":\"Piccoli Capricci - Morgana del Re\",\"isPartOf\":{\"@id\":\"https:\\\/\\\/morganadelre.it\\\/#website\"},\"primaryImageOfPage\":{\"@id\":\"https:\\\/\\\/morganadelre.it\\\/product\\\/piccoli-capricci\\\/#primaryimage\"},\"image\":{\"@id\":\"https:\\\/\\\/morganadelre.it\\\/product\\\/piccoli-capricci\\\/#primaryimage\"},\"thumbnailUrl\":\"https:\\\/\\\/morganadelre.it\\\/wp-content\\\/uploads\\\/2018\\\/11\\\/60.jpg\",\"datePublished\":\"2018-11-14T13:05:50+00:00\",\"dateModified\":\"2025-05-11T17:04:13+00:00\",\"breadcrumb\":{\"@id\":\"https:\\\/\\\/morganadelre.it\\\/product\\\/piccoli-capricci\\\/#breadcrumb\"},\"inLanguage\":\"en-US\",\"potentialAction\":[{\"@type\":\"ReadAction\",\"target\":[\"https:\\\/\\\/morganadelre.it\\\/product\\\/piccoli-capricci\\\/\"]}]},{\"@type\":\"ImageObject\",\"inLanguage\":\"en-US\",\"@id\":\"https:\\\/\\\/morganadelre.it\\\/product\\\/piccoli-capricci\\\/#primaryimage\",\"url\":\"https:\\\/\\\/morganadelre.it\\\/wp-content\\\/uploads\\\/2018\\\/11\\\/60.jpg\",\"contentUrl\":\"https:\\\/\\\/morganadelre.it\\\/wp-content\\\/uploads\\\/2018\\\/11\\\/60.jpg\",\"width\":800,\"height\":800},{\"@type\":\"BreadcrumbList\",\"@id\":\"https:\\\/\\\/morganadelre.it\\\/product\\\/piccoli-capricci\\\/#breadcrumb\",\"itemListElement\":[{\"@type\":\"ListItem\",\"position\":1,\"name\":\"Home\",\"item\":\"https:\\\/\\\/morganadelre.it\\\/\"},{\"@type\":\"ListItem\",\"position\":2,\"name\":\"Shop\",\"item\":\"https:\\\/\\\/morganadelre.it\\\/en\\\/shop\\\/\"},{\"@type\":\"ListItem\",\"position\":3,\"name\":\"Piccoli Capricci\"}]},{\"@type\":\"WebSite\",\"@id\":\"https:\\\/\\\/morganadelre.it\\\/#website\",\"url\":\"https:\\\/\\\/morganadelre.it\\\/\",\"name\":\"Morgana del Re\",\"description\":\"Piedmont hazelnut I.G.P. Organic Langhe\",\"potentialAction\":[{\"@type\":\"SearchAction\",\"target\":{\"@type\":\"EntryPoint\",\"urlTemplate\":\"https:\\\/\\\/morganadelre.it\\\/?s={search_term_string}\"},\"query-input\":{\"@type\":\"PropertyValueSpecification\",\"valueRequired\":true,\"valueName\":\"search_term_string\"}}],\"inLanguage\":\"en-US\"}]}<\/script>\n<!-- \/ Yoast SEO plugin. -->","yoast_head_json":{"title":"Piccoli Capricci - Morgana del Re","robots":{"index":"index","follow":"follow","max-snippet":"max-snippet:-1","max-image-preview":"max-image-preview:large","max-video-preview":"max-video-preview:-1"},"canonical":"https:\/\/morganadelre.it\/product\/piccoli-capricci\/","og_locale":"en_US","og_type":"article","og_title":"Piccoli Capricci - Morgana del Re","og_description":"[:it]I nostri \"Piccoli Capricci\" sono di taglia piccola, per piccoli peccati golosi. Le finissime praline di nocciole provengono dalla nocciola Tonda Gentile Trilobata, che viene selezionata, tostata secondo i metodi tradizionali di essicazione e infine trasformate in praline e ricoperte di delizioso zucchero di cocco caramellato. Il risultato \u00e8 una prelibatezza unica, dalla qualit\u00e0 incomparabile.  Un vero \"Piccolo Capriccio\" da soddisfare, senza rinunciare alla genuinit\u00e0 e qualit\u00e0 degli ingredienti.[:en]Our \"Piccoli Capricci\u201d come in a small size, for small gluttonous sins. The fine hazelnuts pralines come from the Tonde Gentili Trilobate, which are selected, toasted according to traditional methods of resistance heating and, finally, transformed into pralines and coated with delicious caramelized coconut sugar. The result is a unique delicacy, with incomparable quality.  A real \u201cPiccolo Capriccio\" to satisfy, without sacrificing the genuineness and quality of the ingredients.[:]","og_url":"https:\/\/morganadelre.it\/product\/piccoli-capricci\/","og_site_name":"Morgana del Re","article_publisher":"https:\/\/www.facebook.com\/Morgana-del-Re-1901403776621094","article_modified_time":"2025-05-11T17:04:13+00:00","og_image":[{"width":800,"height":800,"url":"https:\/\/morganadelre.it\/wp-content\/uploads\/2018\/11\/60.jpg","type":"image\/jpeg"}],"twitter_card":"summary_large_image","twitter_misc":{"Est. reading time":"3 minutes"},"schema":{"@context":"https:\/\/schema.org","@graph":[{"@type":"WebPage","@id":"https:\/\/morganadelre.it\/product\/piccoli-capricci\/","url":"https:\/\/morganadelre.it\/product\/piccoli-capricci\/","name":"Piccoli Capricci - Morgana del Re","isPartOf":{"@id":"https:\/\/morganadelre.it\/#website"},"primaryImageOfPage":{"@id":"https:\/\/morganadelre.it\/product\/piccoli-capricci\/#primaryimage"},"image":{"@id":"https:\/\/morganadelre.it\/product\/piccoli-capricci\/#primaryimage"},"thumbnailUrl":"https:\/\/morganadelre.it\/wp-content\/uploads\/2018\/11\/60.jpg","datePublished":"2018-11-14T13:05:50+00:00","dateModified":"2025-05-11T17:04:13+00:00","breadcrumb":{"@id":"https:\/\/morganadelre.it\/product\/piccoli-capricci\/#breadcrumb"},"inLanguage":"en-US","potentialAction":[{"@type":"ReadAction","target":["https:\/\/morganadelre.it\/product\/piccoli-capricci\/"]}]},{"@type":"ImageObject","inLanguage":"en-US","@id":"https:\/\/morganadelre.it\/product\/piccoli-capricci\/#primaryimage","url":"https:\/\/morganadelre.it\/wp-content\/uploads\/2018\/11\/60.jpg","contentUrl":"https:\/\/morganadelre.it\/wp-content\/uploads\/2018\/11\/60.jpg","width":800,"height":800},{"@type":"BreadcrumbList","@id":"https:\/\/morganadelre.it\/product\/piccoli-capricci\/#breadcrumb","itemListElement":[{"@type":"ListItem","position":1,"name":"Home","item":"https:\/\/morganadelre.it\/"},{"@type":"ListItem","position":2,"name":"Shop","item":"https:\/\/morganadelre.it\/en\/shop\/"},{"@type":"ListItem","position":3,"name":"Piccoli Capricci"}]},{"@type":"WebSite","@id":"https:\/\/morganadelre.it\/#website","url":"https:\/\/morganadelre.it\/","name":"Morgana del Re","description":"Piedmont hazelnut I.G.P. Organic Langhe","potentialAction":[{"@type":"SearchAction","target":{"@type":"EntryPoint","urlTemplate":"https:\/\/morganadelre.it\/?s={search_term_string}"},"query-input":{"@type":"PropertyValueSpecification","valueRequired":true,"valueName":"search_term_string"}}],"inLanguage":"en-US"}]}},"_links":{"self":[{"href":"https:\/\/morganadelre.it\/en\/wp-json\/wp\/v2\/product\/3013","targetHints":{"allow":["GET"]}}],"collection":[{"href":"https:\/\/morganadelre.it\/en\/wp-json\/wp\/v2\/product"}],"about":[{"href":"https:\/\/morganadelre.it\/en\/wp-json\/wp\/v2\/types\/product"}],"replies":[{"embeddable":true,"href":"https:\/\/morganadelre.it\/en\/wp-json\/wp\/v2\/comments?post=3013"}],"wp:featuredmedia":[{"embeddable":true,"href":"https:\/\/morganadelre.it\/en\/wp-json\/wp\/v2\/media\/3014"}],"wp:attachment":[{"href":"https:\/\/morganadelre.it\/en\/wp-json\/wp\/v2\/media?parent=3013"}],"wp:term":[{"taxonomy":"product_brand","embeddable":true,"href":"https:\/\/morganadelre.it\/en\/wp-json\/wp\/v2\/product_brand?post=3013"},{"taxonomy":"product_cat","embeddable":true,"href":"https:\/\/morganadelre.it\/en\/wp-json\/wp\/v2\/product_cat?post=3013"},{"taxonomy":"product_tag","embeddable":true,"href":"https:\/\/morganadelre.it\/en\/wp-json\/wp\/v2\/product_tag?post=3013"}],"curies":[{"name":"wp","href":"https:\/\/api.w.org\/{rel}","templated":true}]}}